{"id":17251,"date":"2020-11-26T13:32:26","date_gmt":"2020-11-26T12:32:26","guid":{"rendered":"https:\/\/perspectivity.org\/over-ons\/"},"modified":"2026-03-17T00:33:04","modified_gmt":"2026-03-16T23:33:04","slug":"over-ons","status":"publish","type":"page","link":"https:\/\/perspectivity.org\/nl\/over-ons\/","title":{"rendered":"Over ons"},"content":{"rendered":"<p>[et_pb_section fb_built=&#8221;1&#8243; fullwidth=&#8221;on&#8221; _builder_version=&#8221;4.16&#8243; _module_preset=&#8221;default&#8221; background_color=&#8221;RGBA(0,0,0,0)&#8221; global_colors_info=&#8221;{}&#8221;][et_pb_fullwidth_header title=&#8221;Over ons&#8221; subhead=&#8221;De mensen van Perspectivity&#8221; button_one_text=&#8221;Ontmoet ons&#8221; button_one_url=&#8221;#gettoknowus&#8221; button_two_text=&#8221;Neem contact op&#8221; button_two_url=&#8221;https:\/\/perspectivity.org\/nl\/contact\/&#8221; content_max_width=&#8221;50%&#8221; _builder_version=&#8221;4.16&#8243; _module_preset=&#8221;default&#8221; title_font_size=&#8221;20px&#8221; subhead_font=&#8221;Caecilia Pro Light|600|||||||&#8221; subhead_text_align=&#8221;left&#8221; subhead_font_size=&#8221;40px&#8221; subhead_line_height=&#8221;1.2em&#8221; background_color=&#8221;#FFC7CD&#8221; custom_button_one=&#8221;on&#8221; button_one_text_color=&#8221;#000000&#8243; button_one_bg_color=&#8221;#FFFFFF&#8221; button_one_border_color=&#8221;#FFFFFF&#8221; background_layout=&#8221;light&#8221; custom_margin=&#8221;||0px||false|false&#8221; custom_padding=&#8221;||0px||false|false&#8221; global_colors_info=&#8221;{}&#8221;][\/et_pb_fullwidth_header][\/et_pb_section][et_pb_section fb_built=&#8221;1&#8243; _builder_version=&#8221;4.27.3&#8243; _module_preset=&#8221;default&#8221; background_color=&#8221;#FFC7CD&#8221; background_image=&#8221;https:\/\/perspectivity.org\/wp-content\/uploads\/2024\/11\/230411_Perspectivity_Teamfoto_transparent_.png&#8221; background_position=&#8221;bottom_center&#8221; min_height=&#8221;352px&#8221; custom_margin=&#8221;||||false|false&#8221; custom_padding=&#8221;||||false|false&#8221; global_colors_info=&#8221;{}&#8221;][\/et_pb_section][et_pb_section fb_built=&#8221;1&#8243; _builder_version=&#8221;4.16&#8243; _module_preset=&#8221;default&#8221; background_image=&#8221;https:\/\/perspectivity.org\/wp-content\/uploads\/2020\/12\/Perspectivity_KleineKlussen_Website4.png&#8221; background_size=&#8221;contain&#8221; background_repeat=&#8221;repeat-y&#8221; global_colors_info=&#8221;{}&#8221;][et_pb_row _builder_version=&#8221;4.16&#8243; _module_preset=&#8221;default&#8221; custom_margin=&#8221;0px||0px||false|false&#8221; custom_padding=&#8221;0px||0px||false|false&#8221; global_colors_info=&#8221;{}&#8221;][et_pb_column type=&#8221;4_4&#8243; _builder_version=&#8221;4.16&#8243; _module_preset=&#8221;default&#8221; global_colors_info=&#8221;{}&#8221;][et_pb_text _builder_version=&#8221;4.27.6&#8243; _module_preset=&#8221;default&#8221; header_font=&#8221;Caecilia Pro Light|600|||||||&#8221; header_font_size=&#8221;24px&#8221; header_line_height=&#8221;1.3em&#8221; header_2_font=&#8221;Caecilia Pro Light|500|||||||&#8221; header_2_font_size=&#8221;20px&#8221; custom_margin=&#8221;||0px||false|false&#8221; custom_padding=&#8221;||0px||false|false&#8221; hover_enabled=&#8221;0&#8243; global_colors_info=&#8221;{}&#8221; sticky_enabled=&#8221;0&#8243;]<\/p>\n<h1><b>Perspectivity is zowel een steward-owned co\u00f6peratie als een community van professionele facilitators die graag navigeren in complexiteit.<\/b><\/h1>\n<p><span style=\"font-weight: 400;\">De Co\u00f6peratie Perspectivity is een steward-owned co\u00f6peratie van een dozijn professionals die hun krachten bundelen om diensten aan te bieden en expertise te ontwikkelen om door complexiteit te navigeren. Ieder van ons brengt specifieke vaardigheden en ruime ervaring mee: van het faciliteren van grote-groepsinterventies, werken met gepolariseerde groepen en burgerparticipatie, tot narratief onderzoeken, ontwikkelen van publiek beleid, leren en schrijven. Samen zoeken we voortdurend naar nieuwe manieren om groepen in staat te stellen hun complexe uitdagingen met meer succes aan te gaan, en sociale innovatie te bevorderen.<\/span><\/p>\n<p><span style=\"font-weight: 400;\">Wij wonen en werken in Europa, het Midden-Oosten, Afrika en daarbuiten. We zijn ervaren facilitators in het publieke domein, het maatschappelijk middenveld, de onderwijssector en het bedrijfsleven. Wij brengen onze expertise in op het gebied van het sociaal domein, hoger onderwijs, klimaat en energie, ontwikkelingssamenwerking en migratie, fysieke leefomgeving en jeugd.<\/span><\/p>\n<p><b>Word lid van het steward-owned co\u00f6peratie &#8211; <\/b><i><span style=\"font-weight: 400;\">Ben jij een onafhankelijke professional en op zoek naar gelijkgestemde geesten om je impact te vergroten? Stuur ons een <\/span><\/i><i><span style=\"font-weight: 400;\">mail<\/span><\/i><i><span style=\"font-weight: 400;\"> om een virtuele kop koffie in te plannen met een van de stewards.<\/span><\/i><\/p>\n<p>[\/et_pb_text][\/et_pb_column][\/et_pb_row][et_pb_row column_structure=&#8221;1_4,1_4,1_4,1_4&#8243; module_id=&#8221;gettoknowus&#8221; _builder_version=&#8221;4.16&#8243; _module_preset=&#8221;default&#8221; global_colors_info=&#8221;{}&#8221;][et_pb_column type=&#8221;1_4&#8243; _builder_version=&#8221;4.24.0&#8243; _module_preset=&#8221;default&#8221; global_colors_info=&#8221;{}&#8221;][et_pb_blurb title=&#8221;Marjolein Kok&#8221; url=&#8221;https:\/\/perspectivity.org\/nl\/over-ons\/marjolein-kok\/&#8221; image=&#8221;https:\/\/perspectivity.org\/wp-content\/uploads\/2021\/02\/marjolein-1.jpg&#8221; _builder_version=&#8221;4.16&#8243; _module_preset=&#8221;default&#8221; header_font=&#8221;|||on|||||&#8221; header_line_height=&#8221;1.3em&#8221; body_font_size=&#8221;14px&#8221; custom_padding=&#8221;||0px|||&#8221; child_filter_saturate=&#8221;0%&#8221; border_radii_image=&#8221;on|3px|3px|3px|3px&#8221; global_colors_info=&#8221;{}&#8221;]<\/p>\n<p class=\"p1\"><span>Narratief onderzoek<\/span><br \/><span>Evaluatie leren<\/span><br \/><span>Multi-stakeholderdialoog<\/span><br \/><span>Participatie, inclusie, mens- en ecogerichte benaderingen<\/span><\/p>\n<p>[\/et_pb_blurb][\/et_pb_column][et_pb_column type=&#8221;1_4&#8243; _builder_version=&#8221;4.25.0&#8243; _module_preset=&#8221;default&#8221; global_colors_info=&#8221;{}&#8221;][et_pb_blurb title=&#8221;Petra de Boer&#8221; url=&#8221;https:\/\/perspectivity.org\/nl\/over-ons\/petra-de-boer\/&#8221; image=&#8221;https:\/\/perspectivity.org\/wp-content\/uploads\/2015\/05\/Petra-1.jpg&#8221; _builder_version=&#8221;4.16&#8243; _module_preset=&#8221;default&#8221; header_font=&#8221;|||on|||||&#8221; header_line_height=&#8221;1.3em&#8221; body_font_size=&#8221;14px&#8221; child_filter_saturate=&#8221;0%&#8221; border_radii_image=&#8221;on|3px|3px|3px|3px&#8221; global_colors_info=&#8221;{}&#8221;]<\/p>\n<p>Communicatie  dialoog<br \/>Participatieve beleidsvorming<br \/>Agile Scrum samenwerking<br \/>Online leren en veranderen<\/p>\n<p>[\/et_pb_blurb][\/et_pb_column][et_pb_column type=&#8221;1_4&#8243; _builder_version=&#8221;4.16&#8243; _module_preset=&#8221;default&#8221; global_colors_info=&#8221;{}&#8221;][et_pb_blurb title=&#8221;Maarten Kraneveld&#8221; url=&#8221;https:\/\/perspectivity.org\/nl\/over-ons\/maarten-kraneveld\/&#8221; image=&#8221;https:\/\/perspectivity.org\/wp-content\/uploads\/2025\/04\/Maarten-small-e1744720066355.jpg&#8221; _builder_version=&#8221;4.27.4&#8243; _module_preset=&#8221;default&#8221; header_font=&#8221;|||on|||||&#8221; header_line_height=&#8221;1.3em&#8221; body_font_size=&#8221;14px&#8221; child_filter_saturate=&#8221;0%&#8221; border_radii_image=&#8221;on|3px|3px|3px|3px&#8221; locked=&#8221;off&#8221; global_colors_info=&#8221;{}&#8221;]<\/p>\n<p><span class=\"s1\"><\/span>Co-creatie<br \/>Multi-stakeholder dialoog<br \/><span class=\"s1\"><\/span>Systeemdenken<br \/>Interorganisationele samenwerking<\/p>\n<p>[\/et_pb_blurb][\/et_pb_column][et_pb_column type=&#8221;1_4&#8243; _builder_version=&#8221;4.24.0&#8243; _module_preset=&#8221;default&#8221; global_colors_info=&#8221;{}&#8221;][et_pb_blurb title=&#8221;Nohad Elhajj&#8221; url=&#8221;https:\/\/perspectivity.org\/nl\/over-ons\/nohad-elhajj\/&#8221; image=&#8221;https:\/\/perspectivity.org\/wp-content\/uploads\/2021\/02\/IMG_6973.jpg&#8221; _builder_version=&#8221;4.16&#8243; _module_preset=&#8221;default&#8221; header_font=&#8221;|||on|||||&#8221; header_line_height=&#8221;1.3em&#8221; body_font_size=&#8221;14px&#8221; border_radii_image=&#8221;on|3px|3px|3px|3px&#8221; global_colors_info=&#8221;{}&#8221;]<\/p>\n<p>Procesfacilitatie<br \/>Capacity building<br \/>Projectmanagement<br \/>Verbindingen leggen<\/p>\n<p>[\/et_pb_blurb][\/et_pb_column][\/et_pb_row][et_pb_row column_structure=&#8221;1_4,1_4,1_4,1_4&#8243; _builder_version=&#8221;4.16&#8243; _module_preset=&#8221;default&#8221; global_colors_info=&#8221;{}&#8221;][et_pb_column type=&#8221;1_4&#8243; _builder_version=&#8221;4.16&#8243; _module_preset=&#8221;default&#8221; global_colors_info=&#8221;{}&#8221;][et_pb_blurb title=&#8221;Monique Janmaat&#8221; url=&#8221;https:\/\/perspectivity.org\/nl\/over-ons\/monique-janmaat\/&#8221; image=&#8221;https:\/\/perspectivity.org\/wp-content\/uploads\/2018\/01\/Monique-Janmaat\u00a9AnnelienNijland7711-scaled.jpg&#8221; _builder_version=&#8221;4.16&#8243; _module_preset=&#8221;default&#8221; header_font=&#8221;|||on|||||&#8221; header_line_height=&#8221;1.3em&#8221; body_font_size=&#8221;14px&#8221; child_filter_saturate=&#8221;0%&#8221; border_radii_image=&#8221;on|3px|3px|3px|3px&#8221; global_colors_info=&#8221;{}&#8221;]<\/p>\n<p><span class=\"s1\"><\/span>Grote-groepsinterventies<br \/><span class=\"s1\"><\/span>Deep Democracy<br \/><span class=\"s1\"><\/span>Participatieve processen<\/p>\n<p>[\/et_pb_blurb][\/et_pb_column][et_pb_column type=&#8221;1_4&#8243; _builder_version=&#8221;4.23.1&#8243; _module_preset=&#8221;default&#8221; global_colors_info=&#8221;{}&#8221;][et_pb_blurb title=&#8221;Rutger Bartelsman&#8221; url=&#8221;https:\/\/perspectivity.org\/nl\/over-ons\/rutger-bartelsman\/&#8221; image=&#8221;https:\/\/perspectivity.org\/wp-content\/uploads\/2025\/02\/Rutger.jpg&#8221; _builder_version=&#8221;4.27.5&#8243; _module_preset=&#8221;default&#8221; header_font=&#8221;|||on|||||&#8221; header_line_height=&#8221;1.3em&#8221; body_font_size=&#8221;14px&#8221; child_filter_saturate=&#8221;0%&#8221; border_radii_image=&#8221;on|3px|3px|3px|3px&#8221; global_colors_info=&#8221;{}&#8221;]<\/p>\n<p>Leiderschapontwikkeling<br \/>Dialoogbegeleiding<br \/>Lichaamsgerichte coaching<br \/>Natuur als spiegel<br \/>Strategie &amp; samenwerking<strong data-renderer-mark=\"true\"><br \/><\/strong><\/p>\n<p>[\/et_pb_blurb][\/et_pb_column][et_pb_column type=&#8221;1_4&#8243; _builder_version=&#8221;4.24.2&#8243; _module_preset=&#8221;default&#8221; global_colors_info=&#8221;{}&#8221;][et_pb_blurb title=&#8221;Diana Gapak-Hughes&#8221; url=&#8221;https:\/\/perspectivity.org\/nl\/over-ons\/diana-gapak-hughes\/&#8221; image=&#8221;https:\/\/perspectivity.org\/wp-content\/uploads\/2024\/10\/Diana-Gapak-Hughes_square-1.jpg&#8221; _builder_version=&#8221;4.27.2&#8243; _module_preset=&#8221;default&#8221; header_font=&#8221;|||on|||||&#8221; header_line_height=&#8221;1.3em&#8221; body_font_size=&#8221;14px&#8221; child_filter_saturate=&#8221;0%&#8221; border_radii_image=&#8221;on|3px|3px|3px|3px&#8221; global_colors_info=&#8221;{}&#8221;]<\/p>\n<p>Migratie &amp; Diaspora<br \/>Sectoroverschrijdend dialoog en samenwerkingsverbanden<br \/>Narratieve analyse<br \/>Kwalitatief onderzoek<\/p>\n<p>[\/et_pb_blurb][\/et_pb_column][et_pb_column type=&#8221;1_4&#8243; _builder_version=&#8221;4.19.5&#8243; _module_preset=&#8221;default&#8221; global_colors_info=&#8221;{}&#8221;][et_pb_blurb title=&#8221;Chiwei Luu&#8221; url=&#8221;https:\/\/perspectivity.org\/nl\/over-ons\/chiwei-luu\/&#8221; image=&#8221;https:\/\/perspectivity.org\/wp-content\/uploads\/2022\/11\/Chiwei-Luu-Perspectivity-vierkant.jpg&#8221; alt=&#8221;Chiwei Luu&#8221; _builder_version=&#8221;4.27.4&#8243; _module_preset=&#8221;default&#8221; header_font=&#8221;|||on|||||&#8221; header_line_height=&#8221;1.3em&#8221; body_font_size=&#8221;14px&#8221; child_filter_saturate=&#8221;0%&#8221; border_radii_image=&#8221;on|3px|3px|3px|3px&#8221; global_colors_info=&#8221;{}&#8221;]<\/p>\n<p><span style=\"font-weight: 400;\">Proces &amp; Dialoog facilitatie<br \/><\/span><span style=\"font-weight: 400;\">Sociaal Ontwerpen &amp; Design Thinking<br \/><\/span><span style=\"font-weight: 400;\">Visual rapporteren en illustrator<br \/><\/span><span style=\"font-weight: 400;\">Diversiteit &amp; Inclusie<\/span><\/p>\n<p>[\/et_pb_blurb][\/et_pb_column][\/et_pb_row][et_pb_row column_structure=&#8221;1_4,1_4,1_4,1_4&#8243; _builder_version=&#8221;4.16&#8243; _module_preset=&#8221;default&#8221; global_colors_info=&#8221;{}&#8221;][et_pb_column type=&#8221;1_4&#8243; _builder_version=&#8221;4.16&#8243; _module_preset=&#8221;default&#8221; global_colors_info=&#8221;{}&#8221;][et_pb_blurb title=&#8221;Elien Rogaar&#8221; url=&#8221;https:\/\/perspectivity.org\/nl\/over-ons\/elien-rogaar\/&#8221; image=&#8221;https:\/\/perspectivity.org\/wp-content\/uploads\/2021\/03\/elien.jpg&#8221; _builder_version=&#8221;4.16&#8243; _module_preset=&#8221;default&#8221; header_font=&#8221;|||on|||||&#8221; header_line_height=&#8221;1.3em&#8221; body_font_size=&#8221;14px&#8221; child_filter_saturate=&#8221;0%&#8221; border_radii_image=&#8221;on|3px|3px|3px|3px&#8221; global_colors_info=&#8221;{}&#8221;]<\/p>\n<p>Co-creatie<br \/>Grote-groepsinterventies<br \/>Multi-stakeholderdialoog<br \/>Organisatiecultuur<\/p>\n<p>[\/et_pb_blurb][\/et_pb_column][et_pb_column type=&#8221;1_4&#8243; _builder_version=&#8221;4.25.0&#8243; _module_preset=&#8221;default&#8221; global_colors_info=&#8221;{}&#8221;][et_pb_blurb title=&#8221;Mar\u00eda Peir\u00f3 Torralba&#8221; url=&#8221;https:\/\/perspectivity.org\/nl\/over-ons\/maria-peiro-torralba&#8221; image=&#8221;https:\/\/perspectivity.org\/wp-content\/uploads\/2024\/11\/Maria-profile-picture-small.jpg&#8221; _builder_version=&#8221;4.27.3&#8243; _module_preset=&#8221;default&#8221; header_font=&#8221;|||on|||||&#8221; header_line_height=&#8221;1.3em&#8221; body_font_size=&#8221;14px&#8221; child_filter_saturate=&#8221;0%&#8221; border_radii_image=&#8221;on|3px|3px|3px|3px&#8221; global_colors_info=&#8221;{}&#8221;]<\/p>\n<p>Co-creatie | Creatieve Facilitatie<br \/>Kwalitatief &amp; Generatief Onderzoek<br \/>Storytelling &amp; Visuele communicatie<\/p>\n<p>[\/et_pb_blurb][\/et_pb_column][et_pb_column type=&#8221;1_4&#8243; _builder_version=&#8221;4.24.2&#8243; _module_preset=&#8221;default&#8221; global_colors_info=&#8221;{}&#8221;][et_pb_blurb title=&#8221;Han Rakels&#8221; url=&#8221;https:\/\/perspectivity.org\/nl\/over-ons\/han-rakels\/&#8221; image=&#8221;https:\/\/perspectivity.org\/wp-content\/uploads\/2018\/01\/Han-Rakels2-scaled.jpg&#8221; _builder_version=&#8221;4.16&#8243; _module_preset=&#8221;default&#8221; header_font=&#8221;|||on|||||&#8221; header_line_height=&#8221;1.3em&#8221; body_font_size=&#8221;14px&#8221; child_filter_saturate=&#8221;0%&#8221; border_radii_image=&#8221;on|3px|3px|3px|3px&#8221; global_colors_info=&#8221;{}&#8221;]<\/p>\n<p><span class=\"s1\"><\/span>Grote-groepsinterventies<br \/><span class=\"s1\"><\/span>Leiderschapsontwikkeling<br \/><span class=\"s1\"><\/span>Visies en innovatie<br \/><span class=\"s1\"><\/span>(Re)generatie van kennis<\/p>\n<p>[\/et_pb_blurb][\/et_pb_column][et_pb_column type=&#8221;1_4&#8243; _builder_version=&#8221;4.21.0&#8243; _module_preset=&#8221;default&#8221; global_colors_info=&#8221;{}&#8221;][et_pb_blurb title=&#8221;Lisette Gast&#8221; url=&#8221;https:\/\/perspectivity.org\/nl\/over-ons\/lisette-gast\/&#8221; image=&#8221;https:\/\/perspectivity.org\/wp-content\/uploads\/2026\/02\/EYE-Lisette-026-AZW-e1744721854804-1.webp&#8221; _builder_version=&#8221;4.27.5&#8243; _module_preset=&#8221;default&#8221; header_font=&#8221;|||on|||||&#8221; header_line_height=&#8221;1.3em&#8221; body_font_size=&#8221;14px&#8221; child_filter_saturate=&#8221;0%&#8221; border_radii_image=&#8221;on|3px|3px|3px|3px&#8221; global_colors_info=&#8221;{}&#8221;]<\/p>\n<p><span class=\"s1\"><\/span>Deep Democracy<span class=\"Apple-converted-space\"><br \/><\/span><span class=\"s1\"><\/span>Kunst van het faciliteren<br \/><span class=\"s1\"><\/span>Vrouwen<span class=\"Apple-converted-space\"><br \/><\/span><span class=\"s1\"><\/span>Ontwikkelingssamenwerking<\/p>\n<p>[\/et_pb_blurb][\/et_pb_column][\/et_pb_row][et_pb_row column_structure=&#8221;1_4,1_4,1_4,1_4&#8243; _builder_version=&#8221;4.16&#8243; _module_preset=&#8221;default&#8221; global_colors_info=&#8221;{}&#8221;][et_pb_column type=&#8221;1_4&#8243; _builder_version=&#8221;4.16&#8243; _module_preset=&#8221;default&#8221; global_colors_info=&#8221;{}&#8221;][et_pb_blurb title=&#8221;Anna Kanneworff&#8221; url=&#8221;https:\/\/perspectivity.org\/nl\/over-ons\/anna-kanneworff\/&#8221; image=&#8221;https:\/\/perspectivity.org\/wp-content\/uploads\/2026\/02\/thumbnail_ANNA-DEF_square-1.jpg&#8221; _builder_version=&#8221;4.27.5&#8243; _module_preset=&#8221;default&#8221; header_font=&#8221;|||on|||||&#8221; header_line_height=&#8221;1.3em&#8221; body_font_size=&#8221;14px&#8221; child_filter_saturate=&#8221;0%&#8221; border_radii_image=&#8221;on|3px|3px|3px|3px&#8221; global_colors_info=&#8221;{}&#8221;]<\/p>\n<p>Diepe Democratie<br \/>Diversiteit &amp; Inclusie<br \/>Onderwijs &amp; transformatief leren<br \/>Conflicttransformatie<br \/>Gedeeld leiderschap<\/p>\n<p>[\/et_pb_blurb][\/et_pb_column][et_pb_column type=&#8221;1_4&#8243; _builder_version=&#8221;4.25.0&#8243; _module_preset=&#8221;default&#8221; global_colors_info=&#8221;{}&#8221;][et_pb_blurb title=&#8221;Niels tabingh suermondt&#8221; url=&#8221;https:\/\/perspectivity.org\/nl\/over-ons\/niels-tabingh-suermondt\/&#8221; image=&#8221;https:\/\/perspectivity.org\/wp-content\/uploads\/2026\/02\/Professional-profile-pic-e1772107031414.jpeg&#8221; _builder_version=&#8221;4.27.5&#8243; _module_preset=&#8221;default&#8221; header_font=&#8221;|||on|||||&#8221; header_line_height=&#8221;1.3em&#8221; body_font_size=&#8221;14px&#8221; child_filter_saturate=&#8221;0%&#8221; border_radii_image=&#8221;on|3px|3px|3px|3px&#8221; locked=&#8221;off&#8221; global_colors_info=&#8221;{}&#8221;]<\/p>\n<p>Verhalen vertellen<br \/>Duurzaamheid<br \/>Actief luisteren<br \/>Begeleiding van groepsprocessen<br \/>Netwerken<\/p>\n<p>[\/et_pb_blurb][\/et_pb_column][et_pb_column type=&#8221;1_4&#8243; _builder_version=&#8221;4.24.2&#8243; _module_preset=&#8221;default&#8221; global_colors_info=&#8221;{}&#8221;][et_pb_blurb title=&#8221;Dagmar heemskerk-verbeek&#8221; url=&#8221;https:\/\/perspectivity.org\/about-us\/dagmar-heemskerk-verbeek\/&#8221; image=&#8221;https:\/\/perspectivity.org\/wp-content\/uploads\/2026\/02\/IMG_5997-e1772104176481.webp&#8221; _builder_version=&#8221;4.27.5&#8243; _module_preset=&#8221;default&#8221; header_font=&#8221;|||on|||||&#8221; header_line_height=&#8221;1.3em&#8221; body_font_size=&#8221;14px&#8221; child_filter_saturate=&#8221;0%&#8221; border_radii_image=&#8221;on|3px|3px|3px|3px&#8221; locked=&#8221;off&#8221; global_colors_info=&#8221;{}&#8221;]<\/p>\n<p>Deep Democracy<br \/><span>Duurzaamheid, Regeneratie &amp; Verborgen Impact<br \/><\/span><span _d-id=\"9276\" class=\"--l --r hover:bg-blue-100 hover:dark:bg-blue-600\">Interculturele<\/span> <span _d-id=\"9280\" class=\"--l --r hover:bg-blue-100 hover:dark:bg-blue-600\">samenwerking<br \/><\/span><span _d-id=\"9266\" class=\"container-target\"><span _d-id=\"9273\" class=\"bg-blue-50 dark:bg-blue-500 text-unit-target\"><span _d-id=\"9282\" class=\"--l --r hover:bg-blue-100 hover:dark:bg-blue-600\">Ecologisch<\/span> <span _d-id=\"9286\" class=\"--l --r hover:bg-blue-100 hover:dark:bg-blue-600\">verdriet<\/span><\/span><\/span><\/p>\n<p><span style=\"font-size: 14px;\">\u00a0<\/span><\/p>\n<p>&nbsp;<\/p>\n<p>[\/et_pb_blurb][\/et_pb_column][et_pb_column type=&#8221;1_4&#8243; _builder_version=&#8221;4.21.0&#8243; _module_preset=&#8221;default&#8221; global_colors_info=&#8221;{}&#8221;][\/et_pb_column][\/et_pb_row][et_pb_row column_structure=&#8221;1_2,1_2&#8243; _builder_version=&#8221;4.16&#8243; _module_preset=&#8221;default&#8221; global_colors_info=&#8221;{}&#8221;][et_pb_column type=&#8221;1_2&#8243; _builder_version=&#8221;4.16&#8243; _module_preset=&#8221;default&#8221; global_colors_info=&#8221;{}&#8221;][\/et_pb_column][et_pb_column type=&#8221;1_2&#8243; _builder_version=&#8221;4.16&#8243; _module_preset=&#8221;default&#8221; global_colors_info=&#8221;{}&#8221;][et_pb_button button_url=&#8221;https:\/\/perspectivity.org\/nl\/over-ons\/community\/&#8221; button_text=&#8221;Lees meer over onze Community&#8221; button_alignment=&#8221;right&#8221; _builder_version=&#8221;4.19.5&#8243; _module_preset=&#8221;default&#8221; custom_margin=&#8221;0px||0px||false|false&#8221; custom_padding=&#8221;0px||0px||false|false&#8221; global_colors_info=&#8221;{}&#8221;][\/et_pb_button][\/et_pb_column][\/et_pb_row][\/et_pb_section][et_pb_section fb_built=&#8221;1&#8243; _builder_version=&#8221;4.17.4&#8243; _module_preset=&#8221;default&#8221; global_colors_info=&#8221;{}&#8221;][\/et_pb_section]<\/p>\n","protected":false},"excerpt":{"rendered":"<p>Perspectivity is zowel een steward-owned co\u00f6peratie als een community van professionele facilitators die graag navigeren in complexiteit. De Co\u00f6peratie Perspectivity is een steward-owned co\u00f6peratie van een dozijn professionals die hun [&hellip;]<\/p>\n","protected":false},"author":16,"featured_media":0,"parent":0,"menu_order":0,"comment_status":"closed","ping_status":"closed","template":"","meta":{"_acf_changed":false,"_et_pb_use_builder":"on","_et_pb_old_content":"","_et_gb_content_width":"","footnotes":""},"class_list":["post-17251","page","type-page","status-publish","hentry"],"acf":[],"_links":{"self":[{"href":"https:\/\/perspectivity.org\/nl\/wp-json\/wp\/v2\/pages\/17251","targetHints":{"allow":["GET"]}}],"collection":[{"href":"https:\/\/perspectivity.org\/nl\/wp-json\/wp\/v2\/pages"}],"about":[{"href":"https:\/\/perspectivity.org\/nl\/wp-json\/wp\/v2\/types\/page"}],"author":[{"embeddable":true,"href":"https:\/\/perspectivity.org\/nl\/wp-json\/wp\/v2\/users\/16"}],"replies":[{"embeddable":true,"href":"https:\/\/perspectivity.org\/nl\/wp-json\/wp\/v2\/comments?post=17251"}],"version-history":[{"count":3,"href":"https:\/\/perspectivity.org\/nl\/wp-json\/wp\/v2\/pages\/17251\/revisions"}],"predecessor-version":[{"id":29823,"href":"https:\/\/perspectivity.org\/nl\/wp-json\/wp\/v2\/pages\/17251\/revisions\/29823"}],"wp:attachment":[{"href":"https:\/\/perspectivity.org\/nl\/wp-json\/wp\/v2\/media?parent=17251"}],"curies":[{"name":"wp","href":"https:\/\/api.w.org\/{rel}","templated":true}]}}