{"id":17361,"date":"2021-03-04T08:59:09","date_gmt":"2021-03-04T07:59:09","guid":{"rendered":"https:\/\/perspectivity.org\/werk\/deep-democracy\/"},"modified":"2021-04-16T09:38:33","modified_gmt":"2021-04-16T07:38:33","slug":"deep-democracy","status":"publish","type":"page","link":"https:\/\/perspectivity.org\/nl\/werk\/deep-democracy\/","title":{"rendered":"Deep Democracy"},"content":{"rendered":"<p>[et_pb_section fb_built=&#8221;1&#8243; fullwidth=&#8221;on&#8221; _builder_version=&#8221;4.8.2&#8243; _module_preset=&#8221;default&#8221; background_enable_color=&#8221;off&#8221; background_enable_image=&#8221;off&#8221;][et_pb_fullwidth_header title=&#8221;Methoden&#8221; subhead=&#8221;Deep Democracy&#8221; button_one_text=&#8221;Meer informatie&#8221; button_one_url=&#8221;#learnmore&#8221; button_two_text=&#8221;Neem contact op&#8221; button_two_url=&#8221;@ET-DC@eyJkeW5hbWljIjp0cnVlLCJjb250ZW50IjoicG9zdF9saW5rX3VybF9wYWdlIiwic2V0dGluZ3MiOnsicG9zdF9pZCI6IjE2MjY2In19@&#8221; content_max_width=&#8221;60%&#8221; _builder_version=&#8221;4.8.2&#8243; _dynamic_attributes=&#8221;button_two_url&#8221; _module_preset=&#8221;default&#8221; title_font_size=&#8221;20px&#8221; subhead_font=&#8221;Caecilia Pro Light|700|||||||&#8221; subhead_font_size=&#8221;40px&#8221; subhead_line_height=&#8221;1.3em&#8221; background_enable_color=&#8221;off&#8221; background_image=&#8221;https:\/\/perspectivity.org\/wp-content\/uploads\/2021\/02\/210210_Perspectivity_Achtergronden_Website1.png&#8221; custom_button_two=&#8221;on&#8221; button_two_text_color=&#8221;#000000&#8243; button_two_bg_color=&#8221;#FFFFFF&#8221; background_layout=&#8221;light&#8221; min_height=&#8221;450px&#8221; custom_css_subtitle=&#8221;padding-bottom:25px;&#8221;]<\/p>\n<p>Deep Democracy is een praktische methode om dialoog en discussie op gang te brengen waarbij we actief op zoek gaan naar de wijsheid van de minderheid. Alternatieve stemmen worden gehoord, onderzocht en maken deel uit van de besluitvorming. Het gevolg is dat beslissingen breed gedragen worden en optimaal gebruik maken van het potentieel van de groep. Deze nieuwe kijk op besluitvorming en groepsdynamiek maakt echte cocreatie mogelijk.<\/p>\n<p>[\/et_pb_fullwidth_header][\/et_pb_section][et_pb_section fb_built=&#8221;1&#8243; admin_label=&#8221;section&#8221; module_id=&#8221;learnmore&#8221; _builder_version=&#8221;4.8.2&#8243; background_enable_color=&#8221;off&#8221; background_image=&#8221;https:\/\/perspectivity.org\/wp-content\/uploads\/2020\/12\/Perspectivity_KleineKlussen_Website4.png&#8221; background_size=&#8221;contain&#8221;][et_pb_row _builder_version=&#8221;4.8.2&#8243; _module_preset=&#8221;default&#8221;][et_pb_column type=&#8221;4_4&#8243; _builder_version=&#8221;4.8.2&#8243; _module_preset=&#8221;default&#8221;][et_pb_text _builder_version=&#8221;4.8.2&#8243; _module_preset=&#8221;default&#8221; header_2_font=&#8221;|||on|||||&#8221; header_2_text_align=&#8221;left&#8221; header_2_line_height=&#8221;1.4em&#8221; max_width=&#8221;80%&#8221; module_alignment=&#8221;center&#8221;]<\/p>\n<h2><span>Zoek naar de wijsheid van de minderheid en neem betere beslissingen met groepen<\/span><\/h2>\n<p><span><\/span><\/p>\n<p><strong>Wanneer is het van toepassing?<\/strong><br \/> Deep Democracy is een praktische faciliteringsmethode voor iedereen die met groepen of individuen werkt. Bijvoorbeeld: leiders, managers, facilitators, docenten en trainers. De methode is krachtig in \u00e9\u00e9n-op-\u00e9\u00e9n gesprekken en in het werken met grote groepen. Uitgangspunt is diversiteit in de breedste zin van het woord. De methode biedt handvatten om hier in groepen mee om te gaan. Meningsverschillen en conflicten worden samen op respectvolle en constructieve manieren onderzocht. Dit leidt tot sterkere beslissingen die door iedereen worden ondersteund. Het is een nuttige aanpak voor iedereen die maximaal gebruik wil maken van het potentieel van een groep. Door middel van de gespreksmodellen en leidende technieken van Deep Democracy wordt niemand buitengesloten, wordt diversiteit als een gegeven beschouwd en wordt de wijsheid van de minderheid gebruikt in de besluitvorming. Ze kunnen worden gebruikt in teams, de klasruimte, met belanghebbenden en voor gesprekken tussen groepen.<\/p>\n<p><strong>Hoe werkt het?<\/strong><br \/> Deep Democracy is een praktische methode die groepsdynamiek zichtbaar maakt en je in staat stelt om in te grijpen. De focus ligt niet op het individu, maar op de groep als geheel. De groep heeft een groep bewust en een groep onbewust. Deze laatste heeft het potentieel en de wijsheid van de groep. We willen dit bereiken door een veilige omgeving te cre\u00ebren waar alles wat gezegd moet worden gezegd gezegd kan worden. Dit zorgt ervoor dat het groepsbewustzijn groeit en dat we meer informatie krijgen over wat er gebeurt in het onbewuste van de groep. Als het niet veilig genoeg is om in een groep te spreken, kunnen we geen optimale informatie krijgen. Dit komt omdat mensen meningen, gevoelens of standpunten delen. Vooral de redenen waarom het idee van manager X of de consensus van de groep niet zo&#8217;n geweldig idee zijn, bevatten waardevolle informatie voor de groep. Als mensen zich niet gehoord voelen of zich genegeerd voelen, kan dit leiden tot weerstand. We zeggen &#8216;ja&#8217; tegen een beslissing, maar gedragen ons als &#8216;nee&#8217;. Of we vertragen de samenwerking. Deze weerstand is niet effici\u00ebnt voor de groep. Deep Democracy zorgt ervoor dat mensen geen weerstand tonen of zich ervan bewust worden. Ze zullen zich gehoord voelen en hun minderheidsperspectief wordt gewaardeerd.<\/p>\n<p>De Lewis-methode van Deep Democracy kent vijf praktische stappen. Deze stappen maken het mogelijk om in een groep te werken met de rationele en emotionele aspecten van het besluitvormingsproces. Het basismodel komt neer op de volgende vijf stappen:<\/p>\n<ol>\n<li>Verzamel alle perspectieven (zelfs degenen die tegen je eigen zijn)<\/li>\n<li>Actief op zoek naar de alternatieve stemmen (denkt iemand iets heel anders?)<\/li>\n<li>Spread het alternatief (wie deelt deze mening?)<\/li>\n<li>Voeg de wijsheid van de minderheid toe aan het besluit van de meerderheid (wat heb je nodig om mee te gaan met het besluit van de meerderheid?)<\/li>\n<li>Duik in het onbewuste<\/li>\n<\/ol>\n<p><strong>Geschiedenis<\/strong><br \/> Tijdens de post-apartheid werden Myrna en Greg (\u2020) Lewis door Eskom (een van de belangrijkste elektriciteitsbedrijven van Zuid-Afrika) gevraagd om een afdeling met een racistische hi\u00ebrarchie om te vormen tot een afdeling waar mensen op gelijkwaardig niveau samenwerken. Myrna en Greg kwamen er al snel achter dat het probleem te groot was om alleen door externe adviseurs te worden opgelost. Ze besloten mensen bewust te maken van de emoties die bij de racistische besluitvorming kwamen en ze gaven mensen de tools om conflicten op het werk op te lossen. In drie jaar tijd hebben Myrna en Greg 1000 medewerkers van het bedrijf opgeleid. Deze methode wordt nu in meer dan twintig landen over de hele wereld gebruikt in verschillende sectoren: bedrijfsleven, politiek, gezondheidszorg, onderwijs, non-profit en de familie- en priv\u00e9sfeer (therapeutische toepassingen).<\/p>\n<p>[\/et_pb_text][et_pb_text _builder_version=&#8221;4.8.2&#8243; _module_preset=&#8221;default&#8221; background_color=&#8221;#F7EDE5&#8243; max_width=&#8221;80%&#8221; module_alignment=&#8221;center&#8221; custom_padding=&#8221;20px|20px||20px|false|true&#8221;]<\/p>\n<p><strong>More info:<\/strong><\/p>\n<ul>\n<li>Participate in the upcoming\u00a0<a href=\"https:\/\/perspectivity.org\/nl\/onze-trainingen\/\">Deep Democracy\u00a0Level 1 training<\/a><\/li>\n<li>Download the<span>\u00a0<\/span><a href=\"https:\/\/perspectivity.org\/wp-content\/uploads\/2018\/10\/Deep-Democracy-Flyer-EN-vs2.pdf\">flyer<\/a><\/li>\n<li>Read the<span>\u00a0<\/span><a href=\"https:\/\/perspectivity.org\/nl\/deep-democracy-voor-100-draagvlak-artikel-in-or-magazine\/\" target=\"_blank\" rel=\"noopener noreferrer\">article published in OR Magazine<\/a><\/li>\n<li>Contact\u00a0<a href=\"https:\/\/perspectivity.org\/nl\/over-ons\/lisette-gast\/\">Lisette\u00a0<\/a>or<span>\u00a0<\/span><a href=\"https:\/\/perspectivity.org\/nl\/over-ons\/monique-janmaat\/\">Monique<\/a><\/li>\n<\/ul>\n<p>[\/et_pb_text][\/et_pb_column][\/et_pb_row][et_pb_row _builder_version=&#8221;4.8.2&#8243; _module_preset=&#8221;default&#8221; global_module=&#8221;16729&#8243;][et_pb_column type=&#8221;4_4&#8243; _builder_version=&#8221;4.8.2&#8243; _module_preset=&#8221;default&#8221;][et_pb_button button_url=&#8221;https:\/\/perspectivity.org\/nl\/werk\/#toolbox&#8221; button_text=&#8221;meer tools&#8221; button_alignment=&#8221;right&#8221; _builder_version=&#8221;4.8.2&#8243; _module_preset=&#8221;default&#8221;][\/et_pb_button][\/et_pb_column][\/et_pb_row][\/et_pb_section][et_pb_section fb_built=&#8221;1&#8243; _builder_version=&#8221;4.8.2&#8243; _module_preset=&#8221;default&#8221; background_color=&#8221;#59A6FF&#8221;][et_pb_row admin_label=&#8221;row&#8221; _builder_version=&#8221;3.25&#8243; background_size=&#8221;initial&#8221; background_position=&#8221;top_left&#8221; background_repeat=&#8221;repeat&#8221;][et_pb_column type=&#8221;4_4&#8243; _builder_version=&#8221;3.25&#8243; custom_padding=&#8221;|||&#8221; custom_padding__hover=&#8221;|||&#8221;][et_pb_blog fullwidth=&#8221;off&#8221; posts_number=&#8221;6&#8243; include_categories=&#8221;452&#8243; show_author=&#8221;off&#8221; show_date=&#8221;off&#8221; show_categories=&#8221;off&#8221; _builder_version=&#8221;4.8.2&#8243; _module_preset=&#8221;default&#8221;][\/et_pb_blog][\/et_pb_column][\/et_pb_row][\/et_pb_section][et_pb_section fb_built=&#8221;1&#8243; module_id=&#8221;Ons gereedschap&#8221; _builder_version=&#8221;4.8.2&#8243; _module_preset=&#8221;default&#8221; background_color=&#8221;#ffffff&#8221; background_image=&#8221;https:\/\/perspectivity.org\/wp-content\/uploads\/2020\/12\/Perspectivity_KleineKlussen_Website4.png&#8221; border_color_all=&#8221;#FAC618&#8243; border_color_top=&#8221;#E8CDB5&#8243; global_module=&#8221;17458&#8243;][et_pb_row _builder_version=&#8221;4.8.1&#8243; _module_preset=&#8221;default&#8221; width=&#8221;100%&#8221; max_width=&#8221;100%&#8221; custom_padding=&#8221;|10%||10%|false|true&#8221;][et_pb_column type=&#8221;4_4&#8243; _builder_version=&#8221;4.6.6&#8243; _module_preset=&#8221;default&#8221;][et_pb_text _builder_version=&#8221;4.8.2&#8243; _module_preset=&#8221;default&#8221; header_font=&#8221;|||on|||||&#8221; header_2_font=&#8221;|||on|||||&#8221; width=&#8221;80%&#8221;]<\/p>\n<h2 class=\"p1\">Ons gereedschap<\/h2>\n<p class=\"p1\">In ons werk maken we gebruik van een scala aan methodieken en werkvormen die leunen op decennialang experimenteel onderzoek. We bouwen dankbaar voort op theorie\u00ebn en concepten die onze leermeesters en collega\u2019s hebben ontwikkeld. Voor ieder vraagstuk bepalen we op maat welke methodiek of werkvorm helpt om tot duurzame resultaten te komen.<span class=\"Apple-converted-space\"> <\/span><\/p>\n<p class=\"p1\">Methoden die we vaak gebruiken:<\/p>\n<p>[\/et_pb_text][et_pb_text _builder_version=&#8221;4.8.2&#8243; _module_preset=&#8221;default&#8221; header_2_font=&#8221;Caecilia Pro Light||||||||&#8221; header_2_line_height=&#8221;2.2em&#8221; header_3_font=&#8221;|||on|||||&#8221;]<\/p>\n<h2><a href=\"https:\/\/perspectivity.org\/nl\/werk\/sprockler\/\"><span style=\"text-decoration: underline;\">Sprockler<\/span><\/a>\u00a0\u00a0<span style=\"color: #ffffff;\">||||<\/span><a href=\"https:\/\/perspectivity.org\/nl\/werk\/deep-democracy\/\"><span style=\"text-decoration: underline;\">Deep Democracy<\/span><\/a>\u00a0\u00a0<span style=\"color: #ffffff;\">||||<\/span><a href=\"https:\/\/perspectivity.org\/nl\/werk\/future-search\/\"><span style=\"text-decoration: underline;\">Future Search<\/span><\/a>\u00a0<span style=\"color: #ffffff;\">||||<\/span><\/h2>\n<h2><a href=\"https:\/\/perspectivity.org\/nl\/werk\/social-labs\/\"><span style=\"text-decoration: underline;\">Social Lab<\/span><\/a>\u00a0<span style=\"color: #ffffff;\">||||<\/span><a href=\"https:\/\/perspectivity.org\/nl\/werk\/waarderend-onderzoek\/\"><span style=\"text-decoration: underline;\">Appreciative Inquiry<\/span><\/a>\u00a0\u00a0<span style=\"color: #ffffff;\">||||<\/span><a href=\"https:\/\/perspectivity.org\/nl\/werk\/serious-gaming-2\/\"><span style=\"text-decoration: underline;\">Serious Gaming<\/span><\/a><span style=\"color: #ffffff;\">||||<\/span><\/h2>\n<h2><a href=\"https:\/\/perspectivity.org\/nl\/?attachment_id=21556\"><span style=\"text-decoration: underline;\">Transformative Scenario Planning<\/span><\/a><span style=\"color: #ffffff;\">||\u00a0\u00a0<\/span><a href=\"https:\/\/perspectivity.org\/nl\/werk\/dialoog\/\"><span style=\"text-decoration: underline;\">Dialogue<\/span><\/a><span style=\"color: #ffffff;\">||||<\/span><\/h2>\n<h2><a href=\"https:\/\/perspectivity.org\/nl\/werk\/agile-scrum\/\"><span style=\"text-decoration: underline;\">Agile Scrum<\/span><\/a><span style=\"color: #ffffff;\">||||<\/span><a href=\"https:\/\/perspectivity.org\/nl\/werk\/het-cafe-van-de-wereld\/\"><span style=\"text-decoration: underline;\">World Caf\u00e9<\/span><\/a><span style=\"color: #ffffff;\">||||<\/span><a href=\"https:\/\/perspectivity.org\/nl\/werk\/open-space\/\"><span style=\"text-decoration: underline;\">Open Space<\/span><\/a><span style=\"color: #ffffff;\">||||<\/span><a href=\"https:\/\/perspectivity.org\/nl\/werk\/theory-u\/\"><span style=\"text-decoration: underline;\">Theory U<\/span><\/a><\/h2>\n<h2><a href=\"https:\/\/perspectivity.org\/nl\/werk\/visuele-rapportage\/\"><span style=\"text-decoration: underline;\">Visual Reporting<\/span><\/a><span style=\"color: #ffffff;\">||||<\/span><a href=\"https:\/\/perspectivity.org\/nl\/werk\/theory-of-change\/\"><span style=\"text-decoration: underline;\">Theory of Change<\/span><\/a><\/h2>\n<p>[\/et_pb_text][\/et_pb_column][\/et_pb_row][\/et_pb_section]<\/p>\n","protected":false},"excerpt":{"rendered":"<p>Deep Democracy is een praktische methode om dialoog en discussie op gang te brengen waarbij we actief op zoek gaan naar de wijsheid van de minderheid. Alternatieve stemmen worden gehoord, [&hellip;]<\/p>\n","protected":false},"author":16,"featured_media":0,"parent":17320,"menu_order":0,"comment_status":"closed","ping_status":"closed","template":"","meta":{"_acf_changed":false,"_et_pb_use_builder":"on","_et_pb_old_content":"","_et_gb_content_width":"","footnotes":""},"class_list":["post-17361","page","type-page","status-publish","hentry"],"acf":[],"_links":{"self":[{"href":"https:\/\/perspectivity.org\/nl\/wp-json\/wp\/v2\/pages\/17361","targetHints":{"allow":["GET"]}}],"collection":[{"href":"https:\/\/perspectivity.org\/nl\/wp-json\/wp\/v2\/pages"}],"about":[{"href":"https:\/\/perspectivity.org\/nl\/wp-json\/wp\/v2\/types\/page"}],"author":[{"embeddable":true,"href":"https:\/\/perspectivity.org\/nl\/wp-json\/wp\/v2\/users\/16"}],"replies":[{"embeddable":true,"href":"https:\/\/perspectivity.org\/nl\/wp-json\/wp\/v2\/comments?post=17361"}],"version-history":[{"count":0,"href":"https:\/\/perspectivity.org\/nl\/wp-json\/wp\/v2\/pages\/17361\/revisions"}],"up":[{"embeddable":true,"href":"https:\/\/perspectivity.org\/nl\/wp-json\/wp\/v2\/pages\/17320"}],"wp:attachment":[{"href":"https:\/\/perspectivity.org\/nl\/wp-json\/wp\/v2\/media?parent=17361"}],"curies":[{"name":"wp","href":"https:\/\/api.w.org\/{rel}","templated":true}]}}